{"id":1002,"date":"2024-01-31T05:39:23","date_gmt":"2024-01-31T08:39:23","guid":{"rendered":"https:\/\/aqquer.com.br\/site\/?page_id=1002"},"modified":"2024-01-31T05:52:37","modified_gmt":"2024-01-31T08:52:37","slug":"lgpd","status":"publish","type":"page","link":"https:\/\/aqquer.com.br\/site\/portal-da-privacidade\/lgpd\/","title":{"rendered":"LGPD"},"content":{"rendered":"\n<h1>\n\t\tQUEM SOMOS\n\t<\/h1>\n\t\n\n\n<p>Mais detalhes e informa\u00e7\u00f5es sobre como tratamos e protegemos os seus dados pessoais, consulte a nossa Pol\u00edtica de Privacidade dispon\u00edvel em nossos sites.<\/p>\n<h2>\n\t\tFormul\u00e1rio de Requisi\u00e7\u00e3o dos Titulares de Dados Pessoais\n\t<\/h2>\n\n","protected":false},"excerpt":{"rendered":"<p>QUEM SOMOS Mais detalhes e informa\u00e7\u00f5es sobre como tratamos e protegemos os seus dados pessoais, consulte a nossa Pol\u00edtica de Privacidade dispon\u00edvel em nossos sites. Formul\u00e1rio de Requisi\u00e7\u00e3o dos Titulares de Dados Pessoais<\/p>\n","protected":false},"author":1,"featured_media":0,"parent":944,"menu_order":0,"comment_status":"closed","ping_status":"closed","template":"","meta":[],"_links":{"self":[{"href":"https:\/\/aqquer.com.br\/site\/wp-json\/wp\/v2\/pages\/1002"}],"collection":[{"href":"https:\/\/aqquer.com.br\/site\/wp-json\/wp\/v2\/pages"}],"about":[{"href":"https:\/\/aqquer.com.br\/site\/wp-json\/wp\/v2\/types\/page"}],"author":[{"embeddable":true,"href":"https:\/\/aqquer.com.br\/site\/wp-json\/wp\/v2\/users\/1"}],"replies":[{"embeddable":true,"href":"https:\/\/aqquer.com.br\/site\/wp-json\/wp\/v2\/comments?post=1002"}],"version-history":[{"count":3,"href":"https:\/\/aqquer.com.br\/site\/wp-json\/wp\/v2\/pages\/1002\/revisions"}],"predecessor-version":[{"id":1014,"href":"https:\/\/aqquer.com.br\/site\/wp-json\/wp\/v2\/pages\/1002\/revisions\/1014"}],"up":[{"embeddable":true,"href":"https:\/\/aqquer.com.br\/site\/wp-json\/wp\/v2\/pages\/944"}],"wp:attachment":[{"href":"https:\/\/aqquer.com.br\/site\/wp-json\/wp\/v2\/media?parent=1002"}],"curies":[{"name":"wp","href":"https:\/\/api.w.org\/{rel}","templated":true}]}}