{"id":1250,"date":"2026-05-01T15:59:09","date_gmt":"2026-05-01T18:59:09","guid":{"rendered":"https:\/\/aqquer.com.br\/site\/?page_id=1250"},"modified":"2026-05-01T17:37:41","modified_gmt":"2026-05-01T20:37:41","slug":"corretora-seguros","status":"publish","type":"page","link":"https:\/\/aqquer.com.br\/site\/corretora-seguros\/","title":{"rendered":"CORRETORA DE SEGUROS"},"content":{"rendered":"\n\n<a href=\"mailto:AQQUERTGA@AQQUER.COM.BR\">AQQUERTGA@AQQUER.COM.BR <\/a>\n<a href=\"https:\/\/wa.me\/5565998096282\" target=\"_blank\" rel=\"noopener\"> (65) 9 9809-6282<\/a> &nbsp;&nbsp;\n<a href=\"https:\/\/www.instagram.com\/aqquer.corretora\" target=\"_blank\" rel=\"noopener\"> aqquer.corretora<\/a>\n\t\t\t\t<img loading=\"lazy\" src=\"https:\/\/aqquer.com.br\/site\/wp-content\/uploads\/2026\/05\/logo.png\" alt=\"logo\" itemprop=\"image\" height=\"199\" width=\"433\" title=\"logo\" onerror=\"this.style.display='none'\"  \/>\n\t\t\t\t<img loading=\"lazy\" src=\"https:\/\/aqquer.com.br\/site\/wp-content\/uploads\/2026\/05\/hero1.png\" alt=\"hero1\" itemprop=\"image\" height=\"935\" width=\"2000\" title=\"hero1\" onerror=\"this.style.display='none'\"  \/>\n<h2>\n\t\tNa AQQUER Corretora de Sa\u00fade e Seguros, o cuidado n\u00e3o termina na contrata\u00e7\u00e3o. Ele come\u00e7a ali.\n\t<\/h2>\n\t<p>Trabalhamos com solu\u00e7\u00f5es que protegem pessoas, empresas e trajet\u00f3rias. S\u00e3o solu\u00e7\u00f5es que v\u00e3o de planos de sa\u00fade a seguros essenciais para o dia a dia, pessoal ou profissional. Mas o que realmente nos diferencia \u00e9 a forma como fazemos isso: com proximidade, aten\u00e7\u00e3o cont\u00ednua e um p\u00f3s-venda que acompanha cada etapa da jornada.<\/p>\n<p>Porque cuidar de verdade \u00e9 estar ao seu lado quando mais importa.<\/p>\n\t\t\t\t<a href=\"https:\/\/wa.me\/5565998096282?text=Quero saber mais sobre a Corretora de seguros\" target=\"_blank\" rel=\"noopener\" itemprop=\"url\">\n\t\t\t\t<img loading=\"lazy\" src=\"https:\/\/aqquer.com.br\/site\/wp-content\/uploads\/2026\/05\/btnwhats.png\" alt=\"btnwhats\" itemprop=\"image\" height=\"82\" width=\"445\" title=\"btnwhats\" onerror=\"this.style.display='none'\"  \/>\n\t\t\t\t<\/a>\n\t\t\t\t<img loading=\"lazy\" src=\"https:\/\/aqquer.com.br\/site\/wp-content\/uploads\/2026\/05\/banner1.png\" alt=\"banner1\" itemprop=\"image\" height=\"471\" width=\"2000\" title=\"banner1\" onerror=\"this.style.display='none'\"  \/>\n<h3>\n\t\tA Unimed Vale do Sepotuba \u00e9 refer\u00eancia em qualidade, confian\u00e7a e cuidado.\n\t<\/h3>\n\t<p>Com a maior rede credenciada da regi\u00e3o e atendimento reconhecido pela sua seriedade, oferece seguran\u00e7a para quem busca tranquilidade no presente e no futuro. E com a AQQUER, voc\u00ea conta com orienta\u00e7\u00e3o pr\u00f3xima para encontrar o plano ideal, al\u00e9m de suporte cont\u00ednuo sempre que precisar.<\/p>\n\t\t\t\t<a href=\"https:\/\/wa.me\/5565998096282?text=Quero saber mais sobre o Plano de Sa\u00fade\" target=\"_blank\" rel=\"noopener\" itemprop=\"url\">\n\t\t\t\t<img loading=\"lazy\" src=\"https:\/\/aqquer.com.br\/site\/wp-content\/uploads\/2026\/05\/btnwhats.png\" alt=\"btnwhats\" itemprop=\"image\" height=\"82\" width=\"445\" title=\"btnwhats\" onerror=\"this.style.display='none'\"  \/>\n\t\t\t\t<\/a>\n\t\t\t\t<img loading=\"lazy\" src=\"https:\/\/aqquer.com.br\/site\/wp-content\/uploads\/2026\/05\/banner2.png\" alt=\"banner2\" itemprop=\"image\" height=\"471\" width=\"2000\" title=\"banner2\" onerror=\"this.style.display='none'\"  \/>\n<h3>\n\t\tA AqquEr trabalha com um portf\u00f3lio completo de seguros, pensado para pessoas f\u00edsicas E jur\u00eddicas.\n\t<\/h3>\n\t<p>Seja para proteger sua vida, seu patrim\u00f4nio ou garantir a continuidade das suas atividades profissionais, oferecemos solu\u00e7\u00f5es sob medida para cada necessidade. Com orienta\u00e7\u00e3o pr\u00f3xima e atendimento cont\u00ednuo, ajudamos voc\u00ea a escolher com seguran\u00e7a, e seguimos ao seu lado em todos os momentos.<\/p>\n\t\t\t\t<a href=\"https:\/\/wa.me\/5565998096282?text=Quero saber mais sobre a Corretora de seguros\" target=\"_blank\" rel=\"noopener\" itemprop=\"url\">\n\t\t\t\t<img loading=\"lazy\" src=\"https:\/\/aqquer.com.br\/site\/wp-content\/uploads\/2026\/05\/btnwhats.png\" alt=\"btnwhats\" itemprop=\"image\" height=\"82\" width=\"445\" title=\"btnwhats\" onerror=\"this.style.display='none'\"  \/>\n\t\t\t\t<\/a>\n\t\t\t\t<a href=\"https:\/\/wa.me\/5565998096282?text=Quero saber mais sobre o SEGURO DE VIDA\" target=\"_blank\" rel=\"noopener\" itemprop=\"url\">\n\t\t\t\t<img loading=\"lazy\" src=\"https:\/\/aqquer.com.br\/site\/wp-content\/uploads\/2026\/05\/car6.png\" alt=\"car6\" itemprop=\"image\" height=\"461\" width=\"631\" title=\"car6\" onerror=\"this.style.display='none'\"  \/>\n\t\t\t\t<\/a>\n\t\t\t\t<a href=\"https:\/\/wa.me\/5565998096282?text=Quero saber mais sobre o SEGURO PATRIMONIAL\" target=\"_blank\" rel=\"noopener\" itemprop=\"url\">\n\t\t\t\t<img loading=\"lazy\" src=\"https:\/\/aqquer.com.br\/site\/wp-content\/uploads\/2026\/05\/car5.png\" alt=\"car5\" itemprop=\"image\" height=\"461\" width=\"631\" title=\"car5\" onerror=\"this.style.display='none'\"  \/>\n\t\t\t\t<\/a>\n\t\t\t\t<a href=\"https:\/\/wa.me\/5565998096282?text=Quero saber mais sobre o SEGURO EMPRESARIAL\" target=\"_blank\" rel=\"noopener\" itemprop=\"url\">\n\t\t\t\t<img loading=\"lazy\" src=\"https:\/\/aqquer.com.br\/site\/wp-content\/uploads\/2026\/05\/car4.png\" alt=\"car4\" itemprop=\"image\" height=\"461\" width=\"631\" title=\"car4\" onerror=\"this.style.display='none'\"  \/>\n\t\t\t\t<\/a>\n\t\t\t\t<a href=\"https:\/\/wa.me\/5565998096282?text=Quero saber mais sobre o SEGURO DE ACIDENTES\" target=\"_blank\" rel=\"noopener\" itemprop=\"url\">\n\t\t\t\t<img loading=\"lazy\" src=\"https:\/\/aqquer.com.br\/site\/wp-content\/uploads\/2026\/05\/car2.png\" alt=\"car2\" itemprop=\"image\" height=\"461\" width=\"631\" title=\"car2\" onerror=\"this.style.display='none'\"  \/>\n\t\t\t\t<\/a>\n\t\t\t\t<a href=\"https:\/\/wa.me\/5565998096282?text=Quero saber mais sobre o SEGURO DE RESPONSABILIDADE CIVIL PROFISSIONAL\" target=\"_blank\" rel=\"noopener\" itemprop=\"url\">\n\t\t\t\t<img loading=\"lazy\" src=\"https:\/\/aqquer.com.br\/site\/wp-content\/uploads\/2026\/05\/car1.png\" alt=\"car1\" itemprop=\"image\" height=\"461\" width=\"631\" title=\"car1\" onerror=\"this.style.display='none'\"  \/>\n\t\t\t\t<\/a>\n<h3>\n\t\tFale com quem cuida de verdade de voc\u00ea\n\t<\/h3>\n\t\t\t\t<img loading=\"lazy\" src=\"https:\/\/aqquer.com.br\/site\/wp-content\/uploads\/2026\/05\/banner3.png\" alt=\"banner3\" itemprop=\"image\" height=\"701\" width=\"2000\" title=\"banner3\" onerror=\"this.style.display='none'\"  \/>\n\t\n\t\t\t\t<img loading=\"lazy\" src=\"https:\/\/aqquer.com.br\/site\/wp-content\/uploads\/2026\/05\/logo_corretora@3x.png\" alt=\"\" itemprop=\"image\" height=\"122\" width=\"385\" onerror=\"this.style.display='none'\"  \/>\n\t<a href=\"mailto:aqquertga@aqquer.com.br\" target=\"_blank\" rel=\"noopener\">AQQUERTGA@AQQUER.COM.BR<\/a><br \/>\nWHATSAPP: <a href=\"https:\/\/wa.me\/5565998096282\" target=\"_blank\" rel=\"noopener\">(65) 9 9809-6282<\/a>\n\t<p>Av. Ismael Jos\u00e9 do Nascimento, 470 W | L&#8217;avvia Empresarial Jardim Santa Lucia | CEP: 78304-018 | Tangar\u00e1 da Serra &#8211; MT<\/p>\n\n","protected":false},"excerpt":{"rendered":"<p>AQQUERTGA@AQQUER.COM.BR (65) 9 9809-6282 &nbsp;&nbsp; aqquer.corretora Na AQQUER Corretora de Sa\u00fade e Seguros, o cuidado n\u00e3o termina na contrata\u00e7\u00e3o. Ele come\u00e7a ali. Trabalhamos com solu\u00e7\u00f5es que protegem pessoas, empresas e trajet\u00f3rias. S\u00e3o solu\u00e7\u00f5es que v\u00e3o de planos de sa\u00fade a seguros essenciais para o dia a dia, pessoal ou profissional. Mas o que realmente nos [&hellip;]<\/p>\n","protected":false},"author":1,"featured_media":0,"parent":0,"menu_order":0,"comment_status":"closed","ping_status":"closed","template":"","meta":[],"_links":{"self":[{"href":"https:\/\/aqquer.com.br\/site\/wp-json\/wp\/v2\/pages\/1250"}],"collection":[{"href":"https:\/\/aqquer.com.br\/site\/wp-json\/wp\/v2\/pages"}],"about":[{"href":"https:\/\/aqquer.com.br\/site\/wp-json\/wp\/v2\/types\/page"}],"author":[{"embeddable":true,"href":"https:\/\/aqquer.com.br\/site\/wp-json\/wp\/v2\/users\/1"}],"replies":[{"embeddable":true,"href":"https:\/\/aqquer.com.br\/site\/wp-json\/wp\/v2\/comments?post=1250"}],"version-history":[{"count":36,"href":"https:\/\/aqquer.com.br\/site\/wp-json\/wp\/v2\/pages\/1250\/revisions"}],"predecessor-version":[{"id":1305,"href":"https:\/\/aqquer.com.br\/site\/wp-json\/wp\/v2\/pages\/1250\/revisions\/1305"}],"wp:attachment":[{"href":"https:\/\/aqquer.com.br\/site\/wp-json\/wp\/v2\/media?parent=1250"}],"curies":[{"name":"wp","href":"https:\/\/api.w.org\/{rel}","templated":true}]}}