{"id":146,"date":"2018-04-13T13:45:16","date_gmt":"2018-04-13T16:45:16","guid":{"rendered":"http:\/\/localhost\/B\/BeiraRio\/APP\/?page_id=146"},"modified":"2026-04-28T18:58:28","modified_gmt":"2026-04-28T21:58:28","slug":"nossos-parceiros","status":"publish","type":"page","link":"https:\/\/aqquer.com.br\/site\/nossos-parceiros\/","title":{"rendered":"PARCEIROS"},"content":{"rendered":"\n<h1>\n\t\tQUEM SOMOS\n\t<\/h1>\n\t<p>Operadoras e contratantes compartilham este espa\u00e7o. Afinal, todos s\u00e3o mais que parceiros, s\u00e3o amigos que nos ajudam a construir todos os dias \u00f3timos relacionamentos na contrata\u00e7\u00e3o de planos de assist\u00eancia \u00e0 sa\u00fade.<\/p>\n<h5>\n\t\tOperadora:\n\t<\/h5>\n\t\t\t\t<a href=\"https:\/\/www.unimed.coop.br\/site\/\" target=\"_blank\" rel=\"noopener\" itemprop=\"url\">\n\t\t\t\t<img loading=\"lazy\" src=\"https:\/\/aqquer.com.br\/site\/wp-content\/uploads\/2024\/01\/0-1024x378.png\" alt=\"\" itemprop=\"image\" height=\"236\" width=\"640\" onerror=\"this.style.display='none'\"  \/>\n\t\t\t\t<\/a>\n\t\t\t\t<a href=\"https:\/\/www.unimed.coop.br\/site\/web\/valedosepotuba#\/\" target=\"_blank\" rel=\"noopener\" itemprop=\"url\">\n\t\t\t\t<img loading=\"lazy\" src=\"https:\/\/aqquer.com.br\/site\/wp-content\/uploads\/2024\/01\/0-1-1024x377.png\" alt=\"0-1\" itemprop=\"image\" height=\"236\" width=\"640\" title=\"0-1\" onerror=\"this.style.display='none'\"  \/>\n\t\t\t\t<\/a>\n\t\t\t\t<a href=\"https:\/\/www.unimed.coop.br\/site\/web\/araguaia\" target=\"_blank\" rel=\"noopener\" itemprop=\"url\">\n\t\t\t\t<img loading=\"lazy\" src=\"https:\/\/aqquer.com.br\/site\/wp-content\/uploads\/2024\/10\/Logo-2023-Unimed-Araguaia-4000p.png\" alt=\"Logo 2023 Unimed Araguaia - 4000p\" itemprop=\"image\" height=\"221\" width=\"600\" title=\"Logo 2023 Unimed Araguaia - 4000p\" onerror=\"this.style.display='none'\"  \/>\n\t\t\t\t<\/a>\n<h5>\n\t\tEntidades:\n\t<\/h5>\n\t\t\t\t<a href=\"https:\/\/sismamt.org.br\/\" target=\"_blank\" rel=\"noopener\" itemprop=\"url\">\n\t\t\t\t<img loading=\"lazy\" src=\"https:\/\/aqquer.com.br\/site\/wp-content\/uploads\/2026\/04\/LOGO-SISMA-MT.png\" alt=\"LOGO SISMA MT\" itemprop=\"image\" height=\"100\" width=\"100\" title=\"LOGO SISMA MT\" onerror=\"this.style.display='none'\"  \/>\n\t\t\t\t<\/a>\n\t\t\t\t<a href=\"https:\/\/assofmt.com.br\/\" target=\"_blank\" rel=\"noopener\" itemprop=\"url\">\n\t\t\t\t<img loading=\"lazy\" src=\"https:\/\/aqquer.com.br\/site\/wp-content\/uploads\/2026\/04\/LOGO-ASSOF.png\" alt=\"LOGO ASSOF\" itemprop=\"image\" height=\"130\" width=\"130\" title=\"LOGO ASSOF\" onerror=\"this.style.display='none'\"  \/>\n\t\t\t\t<\/a>\n\t\t\t\t<a href=\"https:\/\/www.sinttcontas.org.br\/\" target=\"_blank\" rel=\"noopener\" itemprop=\"url\">\n\t\t\t\t<img loading=\"lazy\" src=\"https:\/\/aqquer.com.br\/site\/wp-content\/uploads\/2023\/03\/LOGO-SINTTCONTA-300x102.png\" alt=\"LOGO-SINTTCONTA\" itemprop=\"image\" height=\"102\" width=\"300\" title=\"LOGO-SINTTCONTA\" onerror=\"this.style.display='none'\"  \/>\n\t\t\t\t<\/a>\n\t\t\t\t<a href=\"https:\/\/www.cromt.org.br\/\" target=\"_blank\" rel=\"noopener\" itemprop=\"url\">\n\t\t\t\t<img loading=\"lazy\" src=\"https:\/\/aqquer.com.br\/site\/wp-content\/uploads\/2021\/07\/Logo-CRO-MT.png\" alt=\"Logo CRO-MT\" itemprop=\"image\" height=\"82\" width=\"559\" title=\"Logo CRO-MT\" onerror=\"this.style.display='none'\"  \/>\n\t\t\t\t<\/a>\n\t\t\t\t<a href=\"https:\/\/ormiban.org.br\/site\/\" target=\"_blank\" rel=\"noopener\" itemprop=\"url\">\n\t\t\t\t<img loading=\"lazy\" src=\"https:\/\/aqquer.com.br\/site\/wp-content\/uploads\/2022\/04\/LOGO-ORMIBAN.jpg\" alt=\"LOGO ORMIBAN\" itemprop=\"image\" height=\"126\" width=\"400\" title=\"LOGO ORMIBAN\" onerror=\"this.style.display='none'\"  \/>\n\t\t\t\t<\/a>\n\t\t\t\t<a href=\"https:\/\/www.sintemamt.org.br\/\" target=\"_blank\" rel=\"noopener\" itemprop=\"url\">\n\t\t\t\t<img loading=\"lazy\" src=\"https:\/\/aqquer.com.br\/site\/wp-content\/uploads\/2024\/03\/LOGO-SINTESMAT-.png\" alt=\"LOGO-SINTESMAT----\" itemprop=\"image\" height=\"175\" width=\"500\" title=\"LOGO-SINTESMAT----\" onerror=\"this.style.display='none'\"  \/>\n\t\t\t\t<\/a>\n\t\t\t\t<a href=\"http:\/\/wa.me\/5565996484786\" target=\"_blank\" rel=\"noopener\" itemprop=\"url\">\n\t\t\t\t<img loading=\"lazy\" src=\"https:\/\/aqquer.com.br\/site\/wp-content\/uploads\/2022\/04\/Logo-FETRATUH-MT.jpg\" alt=\"Logo FETRATUH-MT\" itemprop=\"image\" height=\"200\" width=\"206\" title=\"Logo FETRATUH-MT\" onerror=\"this.style.display='none'\"  \/>\n\t\t\t\t<\/a>\n\t\t\t\t<a href=\"https:\/\/sindsempmt.org.br\/\" target=\"_blank\" rel=\"noopener\" itemprop=\"url\">\n\t\t\t\t<img loading=\"lazy\" src=\"https:\/\/aqquer.com.br\/site\/wp-content\/uploads\/2023\/03\/LOGO-SINDSSEMP-1.png\" alt=\"LOGO-SINDSSEMP-1\" itemprop=\"image\" height=\"164\" width=\"595\" title=\"LOGO-SINDSSEMP-1\" onerror=\"this.style.display='none'\"  \/>\n\t\t\t\t<\/a>\n\t\t\t\t<a href=\"https:\/\/site.cabosesoldadosmt.com.br\/\" target=\"_blank\" rel=\"noopener\" itemprop=\"url\">\n\t\t\t\t<img loading=\"lazy\" src=\"https:\/\/aqquer.com.br\/site\/wp-content\/uploads\/2022\/07\/acs.jpg\" alt=\"acs\" itemprop=\"image\" height=\"491\" width=\"491\" title=\"acs\" onerror=\"this.style.display='none'\"  \/>\n\t\t\t\t<\/a>\n\t\t\t\t<a href=\"https:\/\/www.assoade.com\/\" target=\"_blank\" rel=\"noopener\" itemprop=\"url\">\n\t\t\t\t<img loading=\"lazy\" src=\"https:\/\/aqquer.com.br\/site\/wp-content\/uploads\/2022\/07\/Assoade.jpg\" alt=\"Assoade\" itemprop=\"image\" height=\"802\" width=\"810\" title=\"Assoade\" onerror=\"this.style.display='none'\"  \/>\n\t\t\t\t<\/a>\n\t\t\t\t<a href=\"https:\/\/sindepojuc.com.br\/\" target=\"_blank\" rel=\"noopener\" itemprop=\"url\">\n\t\t\t\t<img loading=\"lazy\" src=\"https:\/\/aqquer.com.br\/site\/wp-content\/uploads\/2022\/07\/sindepojuc.jpg\" alt=\"sindepojuc\" itemprop=\"image\" height=\"436\" width=\"453\" title=\"sindepojuc\" onerror=\"this.style.display='none'\"  \/>\n\t\t\t\t<\/a>\n\t\t\t\t<a href=\"https:\/\/sindspenmt.com.br\/\" target=\"_blank\" rel=\"noopener\" itemprop=\"url\">\n\t\t\t\t<img loading=\"lazy\" src=\"https:\/\/aqquer.com.br\/site\/wp-content\/uploads\/2022\/07\/sindspen.png\" alt=\"sindspen\" itemprop=\"image\" height=\"192\" width=\"595\" title=\"sindspen\" onerror=\"this.style.display='none'\"  \/>\n\t\t\t\t<\/a>\n\t\t\t\t<a href=\"https:\/\/sinpolmt.org.br\/\" target=\"_blank\" rel=\"noopener\" itemprop=\"url\">\n\t\t\t\t<img loading=\"lazy\" src=\"https:\/\/aqquer.com.br\/site\/wp-content\/uploads\/2022\/07\/SINPOLVET.jpg\" alt=\"SINPOLVET\" itemprop=\"image\" height=\"802\" width=\"810\" title=\"SINPOLVET\" onerror=\"this.style.display='none'\"  \/>\n\t\t\t\t<\/a>\n\t\t\t\t<a href=\"https:\/\/www.instagram.com\/ascrea.mt\/\" target=\"_blank\" rel=\"noopener\" itemprop=\"url\">\n\t\t\t\t<img loading=\"lazy\" src=\"https:\/\/aqquer.com.br\/site\/wp-content\/uploads\/2025\/05\/Logo-Ascrea-07-a\u0300s-15.33.45_a90d91fa-240x300.jpg\" alt=\"Logo Ascrea -07 a\u0300(s) 15.33.45_a90d91fa\" itemprop=\"image\" height=\"300\" width=\"240\" title=\"Logo Ascrea -07 a\u0300(s) 15.33.45_a90d91fa\" onerror=\"this.style.display='none'\"  \/>\n\t\t\t\t<\/a>\n\t\t\t\t<a href=\"https:\/\/www.instagram.com\/sindpssmt\/\" target=\"_blank\" rel=\"noopener\" itemprop=\"url\">\n\t\t\t\t<img loading=\"lazy\" src=\"https:\/\/aqquer.com.br\/site\/wp-content\/uploads\/2022\/12\/LOGO-SINDPSS-263x300.jpeg\" alt=\"LOGO SINDPSS\" itemprop=\"image\" height=\"300\" width=\"263\" title=\"LOGO SINDPSS\" onerror=\"this.style.display='none'\"  \/>\n\t\t\t\t<\/a>\n\t\t\t\t<a href=\"https:\/\/sinprfmt.org.br\/portal\/\" target=\"_blank\" rel=\"noopener\" itemprop=\"url\">\n\t\t\t\t<img loading=\"lazy\" src=\"https:\/\/aqquer.com.br\/site\/wp-content\/uploads\/2023\/08\/SINDICATO-DOS-POLICIAIS-RODOVIARIOS-FEDERAIS.png\" alt=\"SINDICATO DOS POLICIAIS RODOVIARIOS FEDERAIS\" itemprop=\"image\" height=\"600\" width=\"406\" title=\"SINDICATO DOS POLICIAIS RODOVIARIOS FEDERAIS\" onerror=\"this.style.display='none'\"  \/>\n\t\t\t\t<\/a>\n\t\t\t\t<a href=\"https:\/\/www.sintemamt.org.br\/\" target=\"_blank\" rel=\"noopener\" itemprop=\"url\">\n\t\t\t\t<img loading=\"lazy\" src=\"https:\/\/aqquer.com.br\/site\/wp-content\/uploads\/2023\/03\/sinetran.png\" alt=\"sinetran\" itemprop=\"image\" height=\"116\" width=\"606\" title=\"sinetran\" onerror=\"this.style.display='none'\"  \/>\n\t\t\t\t<\/a>\n\t\t\t\t<a href=\"https:\/\/sindalservidor.com.br\/\" target=\"_blank\" rel=\"noopener\" itemprop=\"url\">\n\t\t\t\t<img loading=\"lazy\" src=\"https:\/\/aqquer.com.br\/site\/wp-content\/uploads\/2023\/03\/LOGO-SINDAL.png\" alt=\"LOGO-SINDAL\" itemprop=\"image\" height=\"133\" width=\"527\" title=\"LOGO-SINDAL\" onerror=\"this.style.display='none'\"  \/>\n\t\t\t\t<\/a>\n\t\t\t\t<a href=\"https:\/\/www.instagram.com\/assinmt\/\" target=\"_blank\" rel=\"noopener\" itemprop=\"url\">\n\t\t\t\t<img loading=\"lazy\" src=\"https:\/\/aqquer.com.br\/site\/wp-content\/uploads\/2023\/03\/LOGO-ASSIN.png\" alt=\"LOGO-ASSIN\" itemprop=\"image\" height=\"334\" width=\"400\" title=\"LOGO-ASSIN\" onerror=\"this.style.display='none'\"  \/>\n\t\t\t\t<\/a>\n\t\t\t\t<a href=\"https:\/\/www.caumt.gov.br\/\" target=\"_blank\" rel=\"noopener\" itemprop=\"url\">\n\t\t\t\t<img loading=\"lazy\" src=\"https:\/\/aqquer.com.br\/site\/wp-content\/uploads\/2023\/03\/LOGO-CAU.png\" alt=\"LOGO-CAU\" itemprop=\"image\" height=\"311\" width=\"842\" title=\"LOGO-CAU\" onerror=\"this.style.display='none'\"  \/>\n\t\t\t\t<\/a>\n\t\t\t\t<a href=\"https:\/\/www.sintemamt.org.br\/\" target=\"_blank\" rel=\"noopener\" itemprop=\"url\">\n\t\t\t\t<img loading=\"lazy\" src=\"https:\/\/aqquer.com.br\/site\/wp-content\/uploads\/2024\/03\/Adunemat.logo-2.png\" alt=\"Adunemat.logo-2\" itemprop=\"image\" height=\"109\" width=\"500\" title=\"Adunemat.logo-2\" onerror=\"this.style.display='none'\"  \/>\n\t\t\t\t<\/a>\n\t\t\t\t<a href=\"https:\/\/sintufmt.org.br\/\" target=\"_blank\" rel=\"noopener\" itemprop=\"url\">\n\t\t\t\t<img loading=\"lazy\" src=\"https:\/\/aqquer.com.br\/site\/wp-content\/uploads\/2024\/04\/logo_sintuf.jpg\" alt=\"logo_sintuf\" itemprop=\"image\" height=\"1080\" width=\"1080\" title=\"logo_sintuf\" onerror=\"this.style.display='none'\"  \/>\n\t\t\t\t<\/a>\n\t\t\t\t<a href=\"https:\/\/sintep.org.br\/sintep\/\" target=\"_blank\" rel=\"noopener\" itemprop=\"url\">\n\t\t\t\t<img loading=\"lazy\" src=\"https:\/\/aqquer.com.br\/site\/wp-content\/uploads\/2024\/04\/Logo-SINTEP.jpg\" alt=\"Logo SINTEP\" itemprop=\"image\" height=\"772\" width=\"771\" title=\"Logo SINTEP\" onerror=\"this.style.display='none'\"  \/>\n\t\t\t\t<\/a>\n\t\t\t\t<a href=\"https:\/\/amdepol.org\/sindepo\/\" target=\"_blank\" rel=\"noopener\" itemprop=\"url\">\n\t\t\t\t<img loading=\"lazy\" src=\"https:\/\/aqquer.com.br\/site\/wp-content\/uploads\/2024\/04\/LOGO-AMDEPOL_230711_100945-1.png\" alt=\"LOGO-AMDEPOL_230711_100945-1\" itemprop=\"image\" height=\"922\" width=\"922\" title=\"LOGO-AMDEPOL_230711_100945-1\" onerror=\"this.style.display='none'\"  \/>\n\t\t\t\t<\/a>\n\t\t\t\t<a href=\"https:\/\/sindesmt.org.br\/\" target=\"_blank\" rel=\"noopener\" itemprop=\"url\">\n\t\t\t\t<img loading=\"lazy\" src=\"https:\/\/aqquer.com.br\/site\/wp-content\/uploads\/2024\/04\/logo_sindes.jpg\" alt=\"logo_sindes\" itemprop=\"image\" height=\"661\" width=\"1130\" title=\"logo_sindes\" onerror=\"this.style.display='none'\"  \/>\n\t\t\t\t<\/a>\n\t\t\t\t<a href=\"https:\/\/crmmt.org.br\/\" target=\"_blank\" rel=\"noopener\" itemprop=\"url\">\n\t\t\t\t<img loading=\"lazy\" src=\"https:\/\/aqquer.com.br\/site\/wp-content\/uploads\/2025\/04\/logo-1.png\" alt=\"logo\" itemprop=\"image\" height=\"84\" width=\"422\" title=\"logo\" onerror=\"this.style.display='none'\"  \/>\n\t\t\t\t<\/a>\n\t\t\t\t<a href=\"https:\/\/www.crmv-mt.org.br\/\" target=\"_blank\" rel=\"noopener\" itemprop=\"url\">\n\t\t\t\t<img loading=\"lazy\" src=\"https:\/\/aqquer.com.br\/site\/wp-content\/uploads\/2025\/08\/CRMV-MT-300x93.jpg\" alt=\"CRMV MT\" itemprop=\"image\" height=\"93\" width=\"300\" title=\"CRMV MT\" onerror=\"this.style.display='none'\"  \/>\n\t\t\t\t<\/a>\n\t\t\t\t<a href=\"https:\/\/sindimedmt.com.br\/\" target=\"_blank\" rel=\"noopener\" itemprop=\"url\">\n\t\t\t\t<img loading=\"lazy\" src=\"https:\/\/aqquer.com.br\/site\/wp-content\/uploads\/2025\/04\/Logo-PNG.png\" alt=\"Logo PNG\" itemprop=\"image\" height=\"238\" width=\"976\" title=\"Logo PNG\" onerror=\"this.style.display='none'\"  \/>\n\t\t\t\t<\/a>\n\t\t\t\t<a href=\"https:\/\/www.coren-mt.gov.br\/\" target=\"_blank\" rel=\"noopener\" itemprop=\"url\">\n\t\t\t\t<img loading=\"lazy\" src=\"https:\/\/aqquer.com.br\/site\/wp-content\/uploads\/2025\/05\/Logo-300x115.png\" alt=\"Logo\" itemprop=\"image\" height=\"115\" width=\"300\" title=\"Logo\" onerror=\"this.style.display='none'\"  \/>\n\t\t\t\t<\/a>\n\t\t\t\t<a href=\"https:\/\/www.sinasefemt.org.br\/\" target=\"_blank\" rel=\"noopener\" itemprop=\"url\">\n\t\t\t\t<img loading=\"lazy\" src=\"https:\/\/aqquer.com.br\/site\/wp-content\/uploads\/2026\/04\/LOGO-SINASEFE.png\" alt=\"LOGO SINASEFE\" itemprop=\"image\" height=\"107\" width=\"217\" title=\"LOGO SINASEFE\" onerror=\"this.style.display='none'\"  \/>\n\t\t\t\t<\/a>\n\t\t\t\t<a href=\"https:\/\/www.cref17.org.br\/\" target=\"_blank\" rel=\"noopener\" itemprop=\"url\">\n\t\t\t\t<img loading=\"lazy\" src=\"https:\/\/aqquer.com.br\/site\/wp-content\/uploads\/2026\/04\/cref.png\" alt=\"\" itemprop=\"image\" height=\"502\" width=\"477\" onerror=\"this.style.display='none'\"  \/>\n\t\t\t\t<\/a>\n\t\t\t\t<a href=\"https:\/\/www.sintemamt.org.br\/\" target=\"_blank\" rel=\"noopener\" itemprop=\"url\">\n\t\t\t\t<img loading=\"lazy\" src=\"https:\/\/aqquer.com.br\/site\/wp-content\/uploads\/2026\/04\/LOGO-SINTEMA-MT.jpg\" alt=\"LOGO SINTEMA MT\" itemprop=\"image\" height=\"670\" width=\"547\" title=\"LOGO SINTEMA MT\" onerror=\"this.style.display='none'\"  \/>\n\t\t\t\t<\/a>\n<h5>\n\t\tCorretoras:\n\t<\/h5>\n\t\t\t\t<a href=\"https:\/\/atitudevendas.com.br\/\" target=\"_blank\" rel=\"noopener\" itemprop=\"url\">\n\t\t\t\t<img loading=\"lazy\" src=\"https:\/\/aqquer.com.br\/site\/wp-content\/uploads\/2021\/07\/logo-1.png\" alt=\"logo\" itemprop=\"image\" height=\"76\" width=\"297\" title=\"logo\" onerror=\"this.style.display='none'\"  \/>\n\t\t\t\t<\/a>\n\t\t\t\t<a href=\"https:\/\/www.globomktcorretora.com\/\" target=\"_blank\" rel=\"noopener\" itemprop=\"url\">\n\t\t\t\t<img loading=\"lazy\" src=\"https:\/\/aqquer.com.br\/site\/wp-content\/uploads\/2024\/03\/globalvendas.png\" alt=\"globalvendas\" itemprop=\"image\" height=\"97\" width=\"300\" title=\"globalvendas\" onerror=\"this.style.display='none'\"  \/>\n\t\t\t\t<\/a>\n\t\t\t\t<a href=\"https:\/\/www.instagram.com\/pryw.vida_vendasplanosunimed\/\" target=\"_blank\" rel=\"noopener\" itemprop=\"url\">\n\t\t\t\t<img loading=\"lazy\" src=\"https:\/\/aqquer.com.br\/site\/wp-content\/uploads\/2022\/07\/266060829_1286110318574322_389809078374707857_n.jpg\" alt=\"266060829_1286110318574322_389809078374707857_n\" itemprop=\"image\" height=\"283\" width=\"372\" title=\"266060829_1286110318574322_389809078374707857_n\" onerror=\"this.style.display='none'\"  \/>\n\t\t\t\t<\/a>\n\t\t\t\t<a href=\"https:\/\/amarcorretora.com.br\/\" target=\"_blank\" rel=\"noopener\" itemprop=\"url\">\n\t\t\t\t<img loading=\"lazy\" src=\"https:\/\/aqquer.com.br\/site\/wp-content\/uploads\/2022\/07\/amar.png\" alt=\"amar\" itemprop=\"image\" height=\"119\" width=\"318\" title=\"amar\" onerror=\"this.style.display='none'\"  \/>\n\t\t\t\t<\/a>\n\t\t\t\t<a href=\"https:\/\/www.instagram.com\/expertisecorretora\/\" target=\"_blank\" rel=\"noopener\" itemprop=\"url\">\n\t\t\t\t<img loading=\"lazy\" src=\"https:\/\/aqquer.com.br\/site\/wp-content\/uploads\/2023\/03\/LOGO-EXPERTISE.png\" alt=\"LOGO-EXPERTISE\" itemprop=\"image\" height=\"165\" width=\"434\" title=\"LOGO-EXPERTISE\" onerror=\"this.style.display='none'\"  \/>\n\t\t\t\t<\/a>\n\t\t\t\t<a href=\"https:\/\/www.instagram.com\/salus.planosdesaude\/\" target=\"_blank\" rel=\"noopener\" itemprop=\"url\">\n\t\t\t\t<img loading=\"lazy\" src=\"https:\/\/aqquer.com.br\/site\/wp-content\/uploads\/2023\/07\/unnamed-1.png\" alt=\"unnamed-1\" itemprop=\"image\" height=\"91\" width=\"256\" title=\"unnamed-1\" onerror=\"this.style.display='none'\"  \/>\n\t\t\t\t<\/a>\n\t\t\t\t<a href=\"https:\/\/uniseg-page.vercel.app\/\" target=\"_blank\" rel=\"noopener\" itemprop=\"url\">\n\t\t\t\t<img loading=\"lazy\" src=\"https:\/\/aqquer.com.br\/site\/wp-content\/uploads\/2024\/03\/UNISEG-LOGO.jpeg\" alt=\"UNISEG- LOGO\" itemprop=\"image\" height=\"267\" width=\"627\" title=\"UNISEG- LOGO\" onerror=\"this.style.display='none'\"  \/>\n\t\t\t\t<\/a>\n\t\t\t\t<a href=\"https:\/\/wa.me\/5565999986111\" target=\"_blank\" rel=\"noopener\" itemprop=\"url\">\n\t\t\t\t<img loading=\"lazy\" src=\"https:\/\/aqquer.com.br\/site\/wp-content\/uploads\/2024\/03\/Unia\u0303o-Imagem-do-WhatsApp-de-2024-01-31-a\u0300s-08.14.50_ded72cff.jpg\" alt=\"Unia\u0303o - Imagem do WhatsApp de 2024-01-31 a\u0300(s) 08.14.50_ded72cff\" itemprop=\"image\" height=\"688\" width=\"761\" title=\"Unia\u0303o - Imagem do WhatsApp de 2024-01-31 a\u0300(s) 08.14.50_ded72cff\" onerror=\"this.style.display='none'\"  \/>\n\t\t\t\t<\/a>\n\t\t\t\t<a href=\"https:\/\/www.instagram.com\/inovecorretoramt\/\" target=\"_blank\" rel=\"noopener\" itemprop=\"url\">\n\t\t\t\t<img loading=\"lazy\" src=\"https:\/\/aqquer.com.br\/site\/wp-content\/uploads\/2024\/09\/Inove-corretora--300x277.jpg\" alt=\"Inove corretora\" itemprop=\"image\" height=\"277\" width=\"300\" title=\"Inove corretora\" onerror=\"this.style.display='none'\"  \/>\n\t\t\t\t<\/a>\n\t\t\t\t<a href=\"https:\/\/www.instagram.com\/fenixunimedbg\/\" target=\"_blank\" rel=\"noopener\" itemprop=\"url\">\n\t\t\t\t<img loading=\"lazy\" src=\"https:\/\/aqquer.com.br\/site\/wp-content\/uploads\/2024\/10\/logo-fenix.jpg\" alt=\"logo - fenix\" itemprop=\"image\" height=\"640\" width=\"640\" title=\"logo - fenix\" onerror=\"this.style.display='none'\"  \/>\n\t\t\t\t<\/a>\n\t\t\t\t<a href=\"https:\/\/www.instagram.com\/lrsegurosesaude\/\" target=\"_blank\" rel=\"noopener\" itemprop=\"url\">\n\t\t\t\t<img loading=\"lazy\" src=\"https:\/\/aqquer.com.br\/site\/wp-content\/uploads\/2025\/04\/Logo-LR-seguros-_c4c812e9.jpg\" alt=\"\" itemprop=\"image\" height=\"546\" width=\"1228\" onerror=\"this.style.display='none'\"  \/>\n\t\t\t\t<\/a>\n\t\t\t\t<a href=\"https:\/\/wa.me\/5565996172286\" target=\"_blank\" rel=\"noopener\" itemprop=\"url\">\n\t\t\t\t<img loading=\"lazy\" src=\"https:\/\/aqquer.com.br\/site\/wp-content\/uploads\/2025\/04\/Screenshot-2025-04-08-at-10.27.20-1024x362.jpg\" alt=\"\" itemprop=\"image\" height=\"226\" width=\"640\" onerror=\"this.style.display='none'\"  \/>\n\t\t\t\t<\/a>\n\t\t\t\t<a href=\"https:\/\/www.instagram.com\/uniplanos.cuiaba\/\" target=\"_blank\" rel=\"noopener\" itemprop=\"url\">\n\t\t\t\t<img loading=\"lazy\" src=\"https:\/\/aqquer.com.br\/site\/wp-content\/uploads\/2025\/04\/logo-Uniplanos-para-fundo-branco_20250409_121622_0000.png\" alt=\"logo Uniplanos para fundo branco_20250409_121622_0000\" itemprop=\"image\" height=\"289\" width=\"600\" title=\"logo Uniplanos para fundo branco_20250409_121622_0000\" onerror=\"this.style.display='none'\"  \/>\n\t\t\t\t<\/a>\n\t\t\t\t<a href=\"https:\/\/www.instagram.com\/alarescorretora\/\" target=\"_blank\" rel=\"noopener\" itemprop=\"url\">\n\t\t\t\t<img loading=\"lazy\" src=\"https:\/\/aqquer.com.br\/site\/wp-content\/uploads\/2025\/10\/Logo-fundo-branco.jpg\" alt=\"\" itemprop=\"image\" height=\"916\" width=\"1080\" onerror=\"this.style.display='none'\"  \/>\n\t\t\t\t<\/a>\n\t\t\t\t<a href=\"https:\/\/www.instagram.com\/bemestartotalcorretoraseguros\/\" target=\"_blank\" rel=\"noopener\" itemprop=\"url\">\n\t\t\t\t<img loading=\"lazy\" src=\"https:\/\/aqquer.com.br\/site\/wp-content\/uploads\/2025\/11\/BEM-logo-marca-da\u0301gua-4.png\" alt=\"BEM logo marca d'a\u0301gua (4)\" itemprop=\"image\" height=\"433\" width=\"977\" title=\"BEM logo marca d'a\u0301gua (4)\" onerror=\"this.style.display='none'\"  \/>\n\t\t\t\t<\/a>\n\t\t\t\t<a href=\"https:\/\/www.instagram.com\/fenixcorretoraseguros\/\" target=\"_blank\" rel=\"noopener\" itemprop=\"url\">\n\t\t\t\t<img loading=\"lazy\" src=\"https:\/\/aqquer.com.br\/site\/wp-content\/uploads\/2025\/11\/LOGO-FENIX-RODA-PE\u0301.png\" alt=\"LOGO FENIX RODA PE\u0301\" itemprop=\"image\" height=\"440\" width=\"387\" title=\"LOGO FENIX RODA PE\u0301\" onerror=\"this.style.display='none'\"  \/>\n\t\t\t\t<\/a>\n\t\t\t\t<a href=\"https:\/\/www.instagram.com\/prosacorretoradeseguros\/\" target=\"_blank\" rel=\"noopener\" itemprop=\"url\">\n\t\t\t\t<img loading=\"lazy\" src=\"https:\/\/aqquer.com.br\/site\/wp-content\/uploads\/2025\/11\/Logo-Prosa.jpg\" alt=\"Logo Prosa\" itemprop=\"image\" height=\"496\" width=\"544\" title=\"Logo Prosa\" onerror=\"this.style.display='none'\"  \/>\n\t\t\t\t<\/a>\n\t\t\t\t<a href=\"https:\/\/wa.me\/5565999368559\" target=\"_blank\" rel=\"noopener\" itemprop=\"url\">\n\t\t\t\t<img loading=\"lazy\" src=\"https:\/\/aqquer.com.br\/site\/wp-content\/uploads\/2026\/01\/Logo-Golden-Time.png\" alt=\"\" itemprop=\"image\" height=\"300\" width=\"327\" onerror=\"this.style.display='none'\"  \/>\n\t\t\t\t<\/a>\n\t\t\t\t<a href=\"https:\/\/www.instagram.com\/saudemedplanosdesaude\/\" target=\"_blank\" rel=\"noopener\" itemprop=\"url\">\n\t\t\t\t<img loading=\"lazy\" src=\"https:\/\/aqquer.com.br\/site\/wp-content\/uploads\/2026\/03\/logo-saudemed.jpg-300x192.jpeg\" alt=\"logo saudemed.jpg\" itemprop=\"image\" height=\"192\" width=\"300\" title=\"logo saudemed.jpg\" onerror=\"this.style.display='none'\"  \/>\n\t\t\t\t<\/a>\n\n","protected":false},"excerpt":{"rendered":"<p>QUEM SOMOS Operadoras e contratantes compartilham este espa\u00e7o. Afinal, todos s\u00e3o mais que parceiros, s\u00e3o amigos que nos ajudam a construir todos os dias \u00f3timos relacionamentos na contrata\u00e7\u00e3o de planos de assist\u00eancia \u00e0 sa\u00fade. Operadora: Entidades: Corretoras:<\/p>\n","protected":false},"author":1,"featured_media":0,"parent":0,"menu_order":0,"comment_status":"closed","ping_status":"closed","template":"","meta":[],"_links":{"self":[{"href":"https:\/\/aqquer.com.br\/site\/wp-json\/wp\/v2\/pages\/146"}],"collection":[{"href":"https:\/\/aqquer.com.br\/site\/wp-json\/wp\/v2\/pages"}],"about":[{"href":"https:\/\/aqquer.com.br\/site\/wp-json\/wp\/v2\/types\/page"}],"author":[{"embeddable":true,"href":"https:\/\/aqquer.com.br\/site\/wp-json\/wp\/v2\/users\/1"}],"replies":[{"embeddable":true,"href":"https:\/\/aqquer.com.br\/site\/wp-json\/wp\/v2\/comments?post=146"}],"version-history":[{"count":51,"href":"https:\/\/aqquer.com.br\/site\/wp-json\/wp\/v2\/pages\/146\/revisions"}],"predecessor-version":[{"id":1246,"href":"https:\/\/aqquer.com.br\/site\/wp-json\/wp\/v2\/pages\/146\/revisions\/1246"}],"wp:attachment":[{"href":"https:\/\/aqquer.com.br\/site\/wp-json\/wp\/v2\/media?parent=146"}],"curies":[{"name":"wp","href":"https:\/\/api.w.org\/{rel}","templated":true}]}}