{"id":18,"date":"2018-03-30T19:52:25","date_gmt":"2018-03-30T22:52:25","guid":{"rendered":"http:\/\/localhost\/B\/BeiraRio\/APP\/?page_id=18"},"modified":"2026-01-26T14:58:30","modified_gmt":"2026-01-26T17:58:30","slug":"fale-conosco","status":"publish","type":"page","link":"https:\/\/aqquer.com.br\/site\/fale-conosco\/","title":{"rendered":"FALE CONOSCO"},"content":{"rendered":"\n<h1>\n\t\tQUEM SOMOS\n\t<\/h1>\n\t<h5>Aqquer &#8211; Administradora de Benef\u00edcios<\/h5>\n<p>Rua Bar\u00e3o de Melga\u00e7o, 2754 | sala 406 Edif\u00edcio Work Tower | Centro-Sul\u00a0 CEP 78.020-800 | Cuiab\u00e1-MT<\/p>\n<h5><strong><br \/>\nEmail:<\/strong><\/h5>\n\n<h5><strong>Fone:<\/strong><\/h5>\n\n\n\t<style type=\"text\/css\">.super-form-469 > * {visibility:hidden;}<\/style><div id=\"super-form-469\" style=\"margin:0px 0px 0px 0px;\" class=\"super-form super-form-469 style-default super-default-rounded super-field-size-large super-adaptive\" data-hide=\"true\" data-field-size=\"large\"><form autocomplete=\"on\" enctype=\"multipart\/form-data\"><input type=\"hidden\" name=\"super_ajax_nonce\" value=\"c392d41c2f\" \/><input type=\"text\" name=\"super_hp\" size=\"25\" value=\"\" \/><div class=\"super-shortcode super-field super-hidden\"><input class=\"super-shortcode-field\" type=\"hidden\" value=\"469\" name=\"hidden_form_id\" \/><\/div><div class=\"super-grid super-shortcode\"><div class=\"super-shortcode super_one_half super-column column-number-1 grid-level-0 first-column \"><div class=\"super-shortcode super-field super-text  super-ungrouped  \"><div class=\"super-label super-bottom-margin\">Nome Completo<\/div><div class=\"super-field-wrapper \"><input class=\"super-shortcode-field\" type=\"text\" name=\"nome_completo\" data-message=\"Campo Obrigat\u00f3rio\" data-validation=\"empty\" data-email=\"Nome Completo\" data-absolute-default=\"\" data-default-value=\"\" \/><\/div><div class=\"super-error-msg\">Campo Obrigat\u00f3rio<\/div><div class=\"super-empty-error-msg\">Campo Obrigat\u00f3rio<\/div><\/div><\/div><div class=\"super-shortcode super_one_half super-column column-number-2 grid-level-0  \"><div class=\"super-shortcode super-field super-text  super-ungrouped  \"><div class=\"super-label super-bottom-margin\">E-mail<\/div><div class=\"super-field-wrapper \"><input class=\"super-shortcode-field\" type=\"email\" name=\"email\" data-message=\"Campo Obrigat\u00f3rio\" data-validation=\"email\" data-email=\"Email address:\" data-absolute-default=\"\" data-default-value=\"\" \/><\/div><div class=\"super-error-msg\">Campo Obrigat\u00f3rio<\/div><div class=\"super-empty-error-msg\">Campo Obrigat\u00f3rio<\/div><\/div><\/div><\/div><div class=\"super-grid super-shortcode\"><div class=\"super-shortcode super_one_half super-column column-number-1 grid-level-0 first-column \"><div class=\"super-shortcode super-field super-text  super-ungrouped  \"><div class=\"super-label super-bottom-margin\">N\u00famero para Contato<\/div><div class=\"super-field-wrapper \"><input class=\"super-shortcode-field\" type=\"tel\" name=\"telefone\" data-message=\"Campo Obrigat\u00f3rio\" data-validation=\"phone\" data-email=\"Telefone\" data-absolute-default=\"\" data-default-value=\"\" data-mask=\"(99) 99999-9999\" \/><\/div><div class=\"super-error-msg\">Campo Obrigat\u00f3rio<\/div><div class=\"super-empty-error-msg\">Campo Obrigat\u00f3rio<\/div><\/div><\/div><div class=\"super-shortcode super_one_half super-column column-number-2 grid-level-0  \"><div class=\"super-shortcode super-field super-text  super-ungrouped  \"><div class=\"super-label super-bottom-margin\">Institui\u00e7\u00e3o<\/div><div class=\"super-field-wrapper \"><input class=\"super-shortcode-field\" type=\"text\" name=\"Instituicao\" data-message=\"Campo Obrigat\u00f3rio\" data-validation=\"empty\" data-email=\"Institui\u00e7\u00e3o\" data-absolute-default=\"\" data-default-value=\"\" \/><\/div><div class=\"super-error-msg\">Campo Obrigat\u00f3rio<\/div><div class=\"super-empty-error-msg\">Campo Obrigat\u00f3rio<\/div><\/div><\/div><\/div><div class=\"super-grid super-shortcode\"><div class=\"super-shortcode super_one_half super-column column-number-1 grid-level-0 first-column \"><div class=\"super-shortcode super-field super-text  super-ungrouped  \"><div class=\"super-label super-bottom-margin\">Cidade<\/div><div class=\"super-field-wrapper \"><input class=\"super-shortcode-field\" type=\"text\" name=\"Cidade\" data-message=\"Campo Obrigat\u00f3rio\" data-email=\"Cidade\" data-absolute-default=\"\" data-default-value=\"\" \/><\/div><div class=\"super-error-msg\">Campo Obrigat\u00f3rio<\/div><div class=\"super-empty-error-msg\">Campo Obrigat\u00f3rio<\/div><\/div><\/div><div class=\"super-shortcode super_one_half super-column column-number-2 grid-level-0  \"><div class=\"super-shortcode super-field super-text  super-ungrouped  \"><div class=\"super-label super-bottom-margin\">Estado<\/div><div class=\"super-field-wrapper \"><input class=\"super-shortcode-field\" type=\"text\" name=\"Estado\" data-message=\"Campo Obrigat\u00f3rio\" data-email=\"Estado\" data-absolute-default=\"\" data-default-value=\"\" \/><\/div><div class=\"super-error-msg\">Campo Obrigat\u00f3rio<\/div><div class=\"super-empty-error-msg\">Campo Obrigat\u00f3rio<\/div><\/div><\/div><\/div><div class=\"super-grid super-shortcode\"><div class=\"super-shortcode super_one_full super-column column-number-1 grid-level-0 first-column \"><div class=\"super-shortcode super-field super-textarea  super-ungrouped  \"><div class=\"super-label super-bottom-margin\">Mensagem<\/div><div class=\"super-field-wrapper \"><textarea class=\"super-shortcode-field\" name=\"mensagem\" data-message=\"Campo Obrigat\u00f3rio\" data-validation=\"empty\" data-email=\"mensagem:\" data-absolute-default=\"\" data-default-value=\"\" ><\/textarea><span class=\"super-adaptive-placeholder\" data-placeholder=\"Escreva sua mensagem, ficaremos felizes em esclarecer suas d\u00favidas e ouvir suas sugest\u00f5es.\" data-placeholderFilled=\"Mensagem\"><span>Escreva sua mensagem, ficaremos felizes em esclarecer suas d\u00favidas e ouvir suas sugest\u00f5es.<\/span><\/span><\/div><div class=\"super-error-msg\">Campo Obrigat\u00f3rio<\/div><div class=\"super-empty-error-msg\">Campo Obrigat\u00f3rio<\/div><\/div><div data-color=\"#00c6d1\" data-light=\"#14dae5\" data-dark=\"#00a8b3\" data-hover-color=\"#444444\" data-hover-light=\"#585858\" data-hover-dark=\"#262626\" data-font=\"#ffffff\" data-font-hover=\"#ffffff\" data-radius=\"square\" data-type=\"3d\" class=\"super-extra-shortcode super-shortcode super-field super-form-button super-clear-none super-button super-radius-square super-type-3d super-button-large super-button-align-left super-button-width-auto\"><div data-href=\"\" class=\"super-button-wrap no_link\"><div class=\"super-button-name\" data-action=\"submit\" data-normal=\"Enviar\" data-loading=\"Enviando...\">Enviar<\/div><span class=\"super-after\"><\/span><\/div><\/div><div class=\"super-shortcode super-field super-recaptcha super-align-right  super-ungrouped  super-remove-margin\"><div class=\"super-recaptcha g-recaptcha\" data-sitekey=\"6LcQV5UaAAAAAB4sy5Vwe8a3po_XZG4mNn2c_gWH\" data-size=\"invisible\"><\/div><\/div><\/div><\/div><\/form><span class=\"super-load-icon\"><\/span><\/div>\n\t<iframe src=\"https:\/\/www.google.com\/maps\/embed\/v1\/place?q=Rua+Bar%C3%A3o+de+Melga%C3%A7o%2C+2754+%7C+sala+406%0AEdif%C3%ADcio+Work+Tower+%7C+Centro-Sul%C2%A0%0ACEP+78.020-800+%7C+Cuiab%C3%A1-MT&#038;key=AIzaSyD09zQ9PNDNNy9TadMuzRV_UsPUoWKntt8\" aria-hidden=\"true\"><\/iframe>\n\n","protected":false},"excerpt":{"rendered":"<p>QUEM SOMOS Aqquer &#8211; Administradora de Benef\u00edcios Rua Bar\u00e3o de Melga\u00e7o, 2754 | sala 406 Edif\u00edcio Work Tower | Centro-Sul\u00a0 CEP 78.020-800 | Cuiab\u00e1-MT Email: Fone:<\/p>\n","protected":false},"author":1,"featured_media":0,"parent":0,"menu_order":0,"comment_status":"closed","ping_status":"closed","template":"","meta":[],"_links":{"self":[{"href":"https:\/\/aqquer.com.br\/site\/wp-json\/wp\/v2\/pages\/18"}],"collection":[{"href":"https:\/\/aqquer.com.br\/site\/wp-json\/wp\/v2\/pages"}],"about":[{"href":"https:\/\/aqquer.com.br\/site\/wp-json\/wp\/v2\/types\/page"}],"author":[{"embeddable":true,"href":"https:\/\/aqquer.com.br\/site\/wp-json\/wp\/v2\/users\/1"}],"replies":[{"embeddable":true,"href":"https:\/\/aqquer.com.br\/site\/wp-json\/wp\/v2\/comments?post=18"}],"version-history":[{"count":3,"href":"https:\/\/aqquer.com.br\/site\/wp-json\/wp\/v2\/pages\/18\/revisions"}],"predecessor-version":[{"id":1202,"href":"https:\/\/aqquer.com.br\/site\/wp-json\/wp\/v2\/pages\/18\/revisions\/1202"}],"wp:attachment":[{"href":"https:\/\/aqquer.com.br\/site\/wp-json\/wp\/v2\/media?parent=18"}],"curies":[{"name":"wp","href":"https:\/\/api.w.org\/{rel}","templated":true}]}}