{"id":2,"date":"2018-03-30T19:45:12","date_gmt":"2018-03-30T22:45:12","guid":{"rendered":"http:\/\/localhost\/B\/BeiraRio\/APP\/?page_id=2"},"modified":"2026-02-23T23:01:03","modified_gmt":"2026-02-24T02:01:03","slug":"inicio","status":"publish","type":"page","link":"https:\/\/aqquer.com.br\/site\/","title":{"rendered":"IN\u00cdCIO"},"content":{"rendered":"\n\n\t<h3>\n\t\t\t\t<small>Destaques<\/small> <br \/> Aqquer\n\t\t\t<\/h3>\n\t\t<p>Veja aqui alguns links mais acessados e ache o que voc\u00ea procura.<\/p>\t\n\t<a href=\"https:\/\/aqquer.com.br\/site\/proposta-rapida\/\" target=\"_blank\" rel=\"noopener\"><\/a> \n\t\t\t\t<img src=\"https:\/\/aqquer.com.br\/site\/wp-content\/uploads\/2021\/03\/Group-1.png\" alt=\"Group 1\" title=\"Group 1\" itemprop=\"image\"\/>\n\t\t<h3>FA\u00c7A UMA SIMULA\u00c7\u00c3O<\/h3>\t\t\t\n\t<a href=\"https:\/\/www.unimed.coop.br\/site\/guia-medico#\/\" target=\"_blank\" rel=\"noopener\"><\/a> \n\t\t\t\t<img src=\"https:\/\/aqquer.com.br\/site\/wp-content\/uploads\/2021\/03\/Group-2.png\" alt=\"Group 2\" title=\"Group 2\" itemprop=\"image\"\/>\n\t\t<h3>REDE CREDENCIADA<\/h3>\t\t\t\n\t<a href=\"https:\/\/portal-beneficiario.jmjsistemas.app\/#\/beneficiarios\/40A9A79D18D255A2E063587A7A0A1EAB\" target=\"_blank\" rel=\"noopener\"><\/a> \n\t\t\t\t<img src=\"https:\/\/aqquer.com.br\/site\/wp-content\/uploads\/2021\/03\/Group-3.png\" alt=\"Group 3\" title=\"Group 3\" itemprop=\"image\"\/>\n\t\t<h3>1\u00aa OU 2\u00aa VIA DO BOLETO<\/h3>\t\t\t\n\t<a href=\"https:\/\/portal-beneficiario.jmjsistemas.app\/#\/beneficiarios\/40A9A79D18D255A2E063587A7A0A1EAB\" target=\"_blank\" rel=\"noopener\"><\/a> \n\t\t\t\t<img src=\"https:\/\/aqquer.com.br\/site\/wp-content\/uploads\/2021\/03\/Group-4.png\" alt=\"Group 4\" title=\"Group 4\" itemprop=\"image\"\/>\n\t\t<h3>DEMONSTRATIVO<\/h3>\t\t\t\n\t<h3>\n\t\t\t\tPor que Aqquer?\n\t\t\t<\/h3>\n\t\t\t\t<img src=\"https:\/\/aqquer.com.br\/site\/wp-content\/uploads\/2021\/03\/pq3.png\" alt=\"pq3\" title=\"pq3\" itemprop=\"image\"\/>\n\t\t\t\t<p>Estudo para melhor viabilizar planos de assist\u00eancia \u00e0 sa\u00fade<\/p>\n\t\t\t\t<img src=\"https:\/\/aqquer.com.br\/site\/wp-content\/uploads\/2021\/03\/pq4.png\" alt=\"pq4\" title=\"pq4\" itemprop=\"image\"\/>\n\t\t\t\t<p>Seguran\u00e7a jur\u00eddica e financeira para seus contratos.<\/p>\n\t\t\t\t<img src=\"https:\/\/aqquer.com.br\/site\/wp-content\/uploads\/2021\/03\/pq2.png\" alt=\"pq2\" title=\"pq2\" itemprop=\"image\"\/>\n\t\t\t\t<p>Trabalho com foco em construir relacionamento justo, transparente e saud\u00e1vel entre as partes.<\/p>\n\t\t\t\t<img src=\"https:\/\/aqquer.com.br\/site\/wp-content\/uploads\/2021\/03\/pq1.png\" alt=\"pq1\" title=\"pq1\" itemprop=\"image\"\/>\n\t\t\t\t<p>Experi\u00eancia no mercado de sa\u00fade e nas necessidades dos clientes.<\/p>\n\t<h3>\n\t\t\t\tFique por dentro\n\t\t\t<\/h3>\n\t\t<p>Dicas de vida saud\u00e1vel e not\u00edcias <br \/>sobre o mercado de sa\u00fade<\/p>\t\n\t\t\t\t\t\t<h3>\n\t\t\t\t<a href=https:\/\/aqquer.com.br\/site\/lei-dos-planos-de-saude-11-questoes-que-podem-mudar-de-reajustes-a-rescisoes-de-contratos\/ title=\"Lei dos Planos de Sa\u00fade: 11 quest\u00f5es que podem mudar, de reajustes a rescis\u00f5es de contratos\" tabindex=\"0\">Lei dos Planos de Sa\u00fade: 11 quest\u00f5es que podem mudar, de reajustes a rescis\u00f5es de contratos<\/a>\t\t\t<\/h3>\n\t\t\t<a href=\"https:\/\/aqquer.com.br\/site\/lei-dos-planos-de-saude-11-questoes-que-podem-mudar-de-reajustes-a-rescisoes-de-contratos\/\" target=\"_self\" role=\"button\" rel=\"noopener\">\n\t\t\t\t\t\t\t\t\t\t\tLeia mais\n\t\t<\/a>\n\t\t\t\t\t\t<h3>\n\t\t\t\t<a href=https:\/\/aqquer.com.br\/site\/fenasaude-traz-10-dicas-para-bom-uso-do-plano-de-saude\/ title=\"FenaSa\u00fade traz 10 dicas para bom uso do plano de sa\u00fade\" tabindex=\"0\">FenaSa\u00fade traz 10 dicas para bom uso do plano de sa\u00fade<\/a>\t\t\t<\/h3>\n\t\t\t<a href=\"https:\/\/aqquer.com.br\/site\/fenasaude-traz-10-dicas-para-bom-uso-do-plano-de-saude\/\" target=\"_self\" role=\"button\" rel=\"noopener\">\n\t\t\t\t\t\t\t\t\t\t\tLeia mais\n\t\t<\/a>\n\t\t\t\t\t\t<h3>\n\t\t\t\t<a href=https:\/\/aqquer.com.br\/site\/ans-registra-recorde-de-consumidores-em-planos-de-assistencia-medica\/ title=\"ANS registra recorde de consumidores em planos de assist\u00eancia m\u00e9dica\" tabindex=\"0\">ANS registra recorde de consumidores em planos de assist\u00eancia m\u00e9dica<\/a>\t\t\t<\/h3>\n\t\t\t<a href=\"https:\/\/aqquer.com.br\/site\/ans-registra-recorde-de-consumidores-em-planos-de-assistencia-medica\/\" target=\"_self\" role=\"button\" rel=\"noopener\">\n\t\t\t\t\t\t\t\t\t\t\tLeia mais\n\t\t<\/a>\n\t\t\t<a href=\"https:\/\/aqquer.com.br\/site\/blog\/\" target=\"_self\" role=\"button\" rel=\"noopener\">\n\t\t\t\t\t\tMais Not\u00edcias\n\t\t\t\t\t<\/a>\n\n","protected":false},"excerpt":{"rendered":"<p>Destaques Aqquer Veja aqui alguns links mais acessados e ache o que voc\u00ea procura. FA\u00c7A UMA SIMULA\u00c7\u00c3O REDE CREDENCIADA 1\u00aa OU 2\u00aa VIA DO BOLETO DEMONSTRATIVO Por que Aqquer? Estudo para melhor viabilizar planos de assist\u00eancia \u00e0 sa\u00fade Seguran\u00e7a jur\u00eddica e financeira para seus contratos. Trabalho com foco em construir relacionamento justo, transparente e saud\u00e1vel [&hellip;]<\/p>\n","protected":false},"author":1,"featured_media":0,"parent":0,"menu_order":0,"comment_status":"closed","ping_status":"closed","template":"home.php","meta":[],"_links":{"self":[{"href":"https:\/\/aqquer.com.br\/site\/wp-json\/wp\/v2\/pages\/2"}],"collection":[{"href":"https:\/\/aqquer.com.br\/site\/wp-json\/wp\/v2\/pages"}],"about":[{"href":"https:\/\/aqquer.com.br\/site\/wp-json\/wp\/v2\/types\/page"}],"author":[{"embeddable":true,"href":"https:\/\/aqquer.com.br\/site\/wp-json\/wp\/v2\/users\/1"}],"replies":[{"embeddable":true,"href":"https:\/\/aqquer.com.br\/site\/wp-json\/wp\/v2\/comments?post=2"}],"version-history":[{"count":5,"href":"https:\/\/aqquer.com.br\/site\/wp-json\/wp\/v2\/pages\/2\/revisions"}],"predecessor-version":[{"id":1214,"href":"https:\/\/aqquer.com.br\/site\/wp-json\/wp\/v2\/pages\/2\/revisions\/1214"}],"wp:attachment":[{"href":"https:\/\/aqquer.com.br\/site\/wp-json\/wp\/v2\/media?parent=2"}],"curies":[{"name":"wp","href":"https:\/\/api.w.org\/{rel}","templated":true}]}}