{"id":299,"date":"2020-12-10T15:55:49","date_gmt":"2020-12-10T18:55:49","guid":{"rendered":"http:\/\/aqquer.com.br\/site\/?page_id=299"},"modified":"2021-07-06T18:45:29","modified_gmt":"2021-07-06T21:45:29","slug":"conheca-os-planos","status":"publish","type":"page","link":"https:\/\/aqquer.com.br\/site\/conheca-os-planos\/","title":{"rendered":"CONHE\u00c7A OS PLANOS"},"content":{"rendered":"\n<h1>\n\t\tQUEM SOMOS\n\t<\/h1>\n<h2>\n\t\tUM CONJUNTO DE CARACTER\u00cdSTICAS PARA TODO TIPO DE NECESSIDADE\n\t<\/h2>\n<h3>\n\t\tBOM PARA SUA INSTITUI\u00c7\u00c3O <br \/> E PARA SEUS BENEFICI\u00c1RIOS\n\t<\/h3>\n\t\t\t\t<img src=\"http:\/\/aqquer.com.br\/site\/wp-content\/uploads\/2021\/03\/01.png\" alt=\"01\" itemprop=\"image\" title=\"01\" onerror=\"this.style.display='none'\"  \/>\n\t<h3>Coletivo por ades\u00e3o<\/h3>\n<p>&nbsp;<\/p>\n<p>Planos que oferecem assist\u00eancia \u00e0 sa\u00fade a um grupo de pessoas vinculadas a uma entidade de classe, associa\u00e7\u00e3o ou institui\u00e7\u00e3o representativa de acordo com sua categoria profissional.<\/p>\n\t\t\t\t<img src=\"http:\/\/aqquer.com.br\/site\/wp-content\/uploads\/2021\/03\/02.png\" alt=\"02\" itemprop=\"image\" title=\"02\" onerror=\"this.style.display='none'\"  \/>\n\t<h3>Com coparticipa\u00e7\u00e3o<\/h3>\n<p>&nbsp;<\/p>\n<p>Planos em que o benefici\u00e1rio arca com parte da utiliza\u00e7\u00e3o das suas consultas, exames, terapias, cirurgias, entre outros, que pode ser em percentual ou com valores fixos, a depender da operadora. H\u00e1 uma economia nas mensalidades, uma vez que s\u00e3o mais em conta em rela\u00e7\u00e3o a planos sem coparticipa\u00e7\u00e3o.<\/p>\n\t\t\t\t<img src=\"http:\/\/aqquer.com.br\/site\/wp-content\/uploads\/2021\/03\/03.png\" alt=\"03\" itemprop=\"image\" title=\"03\" onerror=\"this.style.display='none'\"  \/>\n\t<h3>Enfermaria ou apartamento individual<\/h3>\n<p>&nbsp;<\/p>\n<p>\u00c9 o benefici\u00e1rio quem escolhe o tipo de acomoda\u00e7\u00e3o que melhor se ajusta \u00e0s suas necessidades. Nosso papel \u00e9 oferecer sempre as melhores op\u00e7\u00f5es.<\/p>\n\t\t\t\t<img src=\"http:\/\/aqquer.com.br\/site\/wp-content\/uploads\/2021\/03\/04.png\" alt=\"04\" itemprop=\"image\" title=\"04\" onerror=\"this.style.display='none'\"  \/>\n\t<h3>Com cobertura estadual e nacional<\/h3>\n<p>&nbsp;<\/p>\n<p>Planos com a cobertura completa do rol de eventos e procedimentos da Ag\u00eancia Nacional de Sa\u00fade Suplementar &#8211; ANS<\/p>\n\t\t\t<a href=\"https:\/\/aqquer.com.br\/site\/wp-content\/uploads\/2021\/07\/Tipo-de-contratacao.pdf\" target=\"_blank\" role=\"button\" rel=\"noopener\">\n\t\t\t\t\t\tTipos de contrata\u00e7\u00e3o dos planos\n\t\t\t\t\t<\/a>\n\t\t\t<a href=\"http:\/\/aqquer.com.br\/site\/proposta-rapida\/\" target=\"_self\" role=\"button\" rel=\"noopener\">\n\t\t\t\t\t\tSOLICITE UMA PROPOSTA R\u00c1PIDA\n\t\t\t\t\t<\/a>\n\n","protected":false},"excerpt":{"rendered":"<p>QUEM SOMOS UM CONJUNTO DE CARACTER\u00cdSTICAS PARA TODO TIPO DE NECESSIDADE BOM PARA SUA INSTITUI\u00c7\u00c3O E PARA SEUS BENEFICI\u00c1RIOS Coletivo por ades\u00e3o &nbsp; Planos que oferecem assist\u00eancia \u00e0 sa\u00fade a um grupo de pessoas vinculadas a uma entidade de classe, associa\u00e7\u00e3o ou institui\u00e7\u00e3o representativa de acordo com sua categoria profissional. Com coparticipa\u00e7\u00e3o &nbsp; Planos em [&hellip;]<\/p>\n","protected":false},"author":1,"featured_media":0,"parent":0,"menu_order":0,"comment_status":"closed","ping_status":"closed","template":"","meta":[],"_links":{"self":[{"href":"https:\/\/aqquer.com.br\/site\/wp-json\/wp\/v2\/pages\/299"}],"collection":[{"href":"https:\/\/aqquer.com.br\/site\/wp-json\/wp\/v2\/pages"}],"about":[{"href":"https:\/\/aqquer.com.br\/site\/wp-json\/wp\/v2\/types\/page"}],"author":[{"embeddable":true,"href":"https:\/\/aqquer.com.br\/site\/wp-json\/wp\/v2\/users\/1"}],"replies":[{"embeddable":true,"href":"https:\/\/aqquer.com.br\/site\/wp-json\/wp\/v2\/comments?post=299"}],"version-history":[{"count":1,"href":"https:\/\/aqquer.com.br\/site\/wp-json\/wp\/v2\/pages\/299\/revisions"}],"predecessor-version":[{"id":767,"href":"https:\/\/aqquer.com.br\/site\/wp-json\/wp\/v2\/pages\/299\/revisions\/767"}],"wp:attachment":[{"href":"https:\/\/aqquer.com.br\/site\/wp-json\/wp\/v2\/media?parent=299"}],"curies":[{"name":"wp","href":"https:\/\/api.w.org\/{rel}","templated":true}]}}