{"id":657,"date":"2021-03-25T13:30:46","date_gmt":"2021-03-25T16:30:46","guid":{"rendered":"http:\/\/aqquer.com.br\/site\/?page_id=657"},"modified":"2026-02-23T23:02:13","modified_gmt":"2026-02-24T02:02:13","slug":"area-do-cliente","status":"publish","type":"page","link":"https:\/\/aqquer.com.br\/site\/area-do-cliente\/","title":{"rendered":"\u00c1REA DO CLIENTE"},"content":{"rendered":"\n<h1>\n\t\tQUEM SOMOS\n\t<\/h1>\n\t<p>Um contrato justo e que n\u00e3o vai trazer surpresas futuras. Nosso papel \u00e9 oferecer solu\u00e7\u00f5es para viabilizar da melhor maneira planos de assist\u00eancia \u00e0 sa\u00fade, pensando em oferecer \u00e0 sua institui\u00e7\u00e3o facilidade na execu\u00e7\u00e3o do dia a dia, al\u00e9m de atendimento de qualidade e seguran\u00e7a aos seus benefici\u00e1rios.<\/p>\n\tA sua \u00e1rea exclusiva proporciona<br \/>\nmais praticidade a voc\u00ea.\n\t\t\t<a href=\"https:\/\/portal-beneficiario.jmjsistemas.app\/#\/beneficiarios\/40A9A79D18D255A2E063587A7A0A1EAB\" target=\"_blank\" role=\"button\" rel=\"noopener\">\n\t\t\t\t\t\t\tAcessar \u00e1rea do Cliente\n\t\t\t\t\t<\/a>\n\n","protected":false},"excerpt":{"rendered":"<p>QUEM SOMOS Um contrato justo e que n\u00e3o vai trazer surpresas futuras. Nosso papel \u00e9 oferecer solu\u00e7\u00f5es para viabilizar da melhor maneira planos de assist\u00eancia \u00e0 sa\u00fade, pensando em oferecer \u00e0 sua institui\u00e7\u00e3o facilidade na execu\u00e7\u00e3o do dia a dia, al\u00e9m de atendimento de qualidade e seguran\u00e7a aos seus benefici\u00e1rios. A sua \u00e1rea exclusiva proporciona [&hellip;]<\/p>\n","protected":false},"author":1,"featured_media":0,"parent":0,"menu_order":0,"comment_status":"closed","ping_status":"closed","template":"","meta":[],"_links":{"self":[{"href":"https:\/\/aqquer.com.br\/site\/wp-json\/wp\/v2\/pages\/657"}],"collection":[{"href":"https:\/\/aqquer.com.br\/site\/wp-json\/wp\/v2\/pages"}],"about":[{"href":"https:\/\/aqquer.com.br\/site\/wp-json\/wp\/v2\/types\/page"}],"author":[{"embeddable":true,"href":"https:\/\/aqquer.com.br\/site\/wp-json\/wp\/v2\/users\/1"}],"replies":[{"embeddable":true,"href":"https:\/\/aqquer.com.br\/site\/wp-json\/wp\/v2\/comments?post=657"}],"version-history":[{"count":2,"href":"https:\/\/aqquer.com.br\/site\/wp-json\/wp\/v2\/pages\/657\/revisions"}],"predecessor-version":[{"id":1215,"href":"https:\/\/aqquer.com.br\/site\/wp-json\/wp\/v2\/pages\/657\/revisions\/1215"}],"wp:attachment":[{"href":"https:\/\/aqquer.com.br\/site\/wp-json\/wp\/v2\/media?parent=657"}],"curies":[{"name":"wp","href":"https:\/\/api.w.org\/{rel}","templated":true}]}}