{"id":664,"date":"2021-03-25T15:46:23","date_gmt":"2021-03-25T18:46:23","guid":{"rendered":"http:\/\/aqquer.com.br\/site\/?page_id=664"},"modified":"2026-01-26T14:58:34","modified_gmt":"2026-01-26T17:58:34","slug":"proposta-rapida","status":"publish","type":"page","link":"https:\/\/aqquer.com.br\/site\/proposta-rapida\/","title":{"rendered":"PROPOSTA R\u00c1PIDA"},"content":{"rendered":"\n<h1>\n\t\tQUEM SOMOS\n\t<\/h1>\n<h2>\n\t\tPREENCHA OS DADOS ABAIXO. EM BREVE, NOSSOS CONSULTORES ENTRAR\u00c3O EM CONTATO COM AS MELHORES SOLU\u00c7\u00d5ES PARA SUA INSTITUI\u00c7\u00c3O E SEUS BENEFICI\u00c1RIOS.\n\t<\/h2>\n\t\t\t\t<a href=\"http:\/\/wa.me\/558008870867\" target=\"_blank\" rel=\"noopener\" itemprop=\"url\">\n\t\t\t\t<img loading=\"lazy\" src=\"https:\/\/aqquer.com.br\/site\/wp-content\/uploads\/2021\/03\/Group-2-1.png\" alt=\"Group 2\" itemprop=\"image\" height=\"220\" width=\"376\" title=\"Group 2\" onerror=\"this.style.display='none'\"  \/>\n\t\t\t\t<\/a>\n\n","protected":false},"excerpt":{"rendered":"<p>QUEM SOMOS PREENCHA OS DADOS ABAIXO. EM BREVE, NOSSOS CONSULTORES ENTRAR\u00c3O EM CONTATO COM AS MELHORES SOLU\u00c7\u00d5ES PARA SUA INSTITUI\u00c7\u00c3O E SEUS BENEFICI\u00c1RIOS.<\/p>\n","protected":false},"author":1,"featured_media":0,"parent":0,"menu_order":0,"comment_status":"closed","ping_status":"closed","template":"","meta":[],"_links":{"self":[{"href":"https:\/\/aqquer.com.br\/site\/wp-json\/wp\/v2\/pages\/664"}],"collection":[{"href":"https:\/\/aqquer.com.br\/site\/wp-json\/wp\/v2\/pages"}],"about":[{"href":"https:\/\/aqquer.com.br\/site\/wp-json\/wp\/v2\/types\/page"}],"author":[{"embeddable":true,"href":"https:\/\/aqquer.com.br\/site\/wp-json\/wp\/v2\/users\/1"}],"replies":[{"embeddable":true,"href":"https:\/\/aqquer.com.br\/site\/wp-json\/wp\/v2\/comments?post=664"}],"version-history":[{"count":3,"href":"https:\/\/aqquer.com.br\/site\/wp-json\/wp\/v2\/pages\/664\/revisions"}],"predecessor-version":[{"id":1203,"href":"https:\/\/aqquer.com.br\/site\/wp-json\/wp\/v2\/pages\/664\/revisions\/1203"}],"wp:attachment":[{"href":"https:\/\/aqquer.com.br\/site\/wp-json\/wp\/v2\/media?parent=664"}],"curies":[{"name":"wp","href":"https:\/\/api.w.org\/{rel}","templated":true}]}}